{"id":184,"date":"2021-12-26T11:27:59","date_gmt":"2021-12-26T11:27:59","guid":{"rendered":"https:\/\/muzeumniepodlegloscipl.goout.cloud\/?page_id=184"},"modified":"2025-04-09T10:10:34","modified_gmt":"2025-04-09T10:10:34","slug":"declaration-of-accessibility","status":"publish","type":"page","link":"https:\/\/www.muzn.pl\/pl\/declaration-of-accessibility\/","title":{"rendered":"Deklaracja Dost\u0119pno\u015bci"},"content":{"rendered":"<p><\/p>\n<p><strong>Deklaracja dost\u0119pno\u015bci strony internetowej Muzeum Niepodleg\u0142o\u015bci w Warszawie <\/strong><\/p>\n<p>Muzeum Niepodleg\u0142o\u015bci w Warszawie zobowi\u0105zuje si\u0119 zapewni\u0107 dost\u0119pno\u015b\u0107 strony internetowej www.muzeum-niepodleglosci.pl i <a href=\"http:\/\/www.muzn.pl\">www.muzn.pl<\/a> zgodnie z przepisami ustawy z dnia 4 kwietnia 2019 r. o dost\u0119pno\u015bci cyfrowej stron internetowych i aplikacji mobilnych podmiot\u00f3w publicznych.<\/p>\n<p>Data publikacji strony internetowej: 11.07\/2023 r.<br \/>\nData ostatniej du\u017cej aktualizacji: 11.07.2023 r.<\/p>\n<p>Strona internetowa jest zgodna z ustaw\u0105 o dost\u0119pno\u015bci cyfrowej stron internetowych i aplikacji mobilnych podmiot\u00f3w publicznych.<\/p>\n<p>O\u015bwiadczenie sporz\u0105dzono dnia 29.03.2024 r.<\/p>\n<p>Deklaracj\u0119 sporz\u0105dzono na podstawie samooceny przeprowadzonej przez podmiot publiczny.<\/p>\n<p>Informacje zwrotne i dane kontaktowe<\/p>\n<p>W przypadku problem\u00f3w z dost\u0119pno\u015bci\u0105 strony internetowej prosimy o kontakt.<br \/>\nOsob\u0105 odpowiedzialn\u0105 jest Artur Pietrzyk , adres poczty elektronicznej: a.pietrzyk@muzn.pl Kontaktowa\u0107 mo\u017cna si\u0119 tak\u017ce dzwoni\u0105c na numer telefonu: (22) 826 90 91 wew. 10<\/p>\n<p>T\u0105 sam\u0105 drog\u0105 mo\u017cna sk\u0142ada\u0107 wnioski o udost\u0119pnienie informacji niedost\u0119pnej oraz sk\u0142ada\u0107 \u017c\u0105dania zapewnienia dost\u0119pno\u015bci. Ka\u017cdy ma prawo wyst\u0105pi\u0107 do Muzeum Niepodleg\u0142o\u015bci w Warszawie z \u017c\u0105daniem zapewnienia dost\u0119pno\u015bci cyfrowej strony internetowej, aplikacji mobilnej lub jakiego\u015b ich elementu. Mo\u017cna tak\u017ce za\u017c\u0105da\u0107 udost\u0119pnienia informacji za pomoc\u0105 alternatywnego sposobu dost\u0119pu w formach alternatywnych, na przyk\u0142ad odczytanie niedost\u0119pnego cyfrowo dokumentu, opisania zawarto\u015bci filmu bez audiodeskrypcji itp. \u017b\u0105danie powinno zawiera\u0107 dane kontaktowe osoby wyst\u0119puj\u0105cej z \u017c\u0105daniem, wskazanie, o kt\u00f3r\u0105 stron\u0119 internetow\u0105 lub aplikacj\u0119 mobiln\u0105 lub element strony internetowej lub aplikacji mobilnej chodzi oraz spos\u00f3b kontaktu. Je\u017celi osoba wyst\u0119puj\u0105ca z \u017c\u0105daniem zg\u0142asza potrzeb\u0119 otrzymania informacji za pomoc\u0105 alternatywnego sposobu dost\u0119pu, powinna tak\u017ce okre\u015bli\u0107 w spos\u00f3b w jaki oczekuje przedstawienia jej tej informacji. Zapewnienie dost\u0119pno\u015bci cyfrowej strony internetowej, aplikacji mobilnej lub elementu strony internetowej, lub aplikacji mobilnej przez Muzeum Niepodleg\u0142o\u015bci w Warszawie nast\u0119puje bez zb\u0119dnej zw\u0142oki, jednak nie p\u00f3\u017aniej ni\u017c w terminie 7 dni od dnia wyst\u0105pienia z \u017c\u0105daniem. Je\u017celi zapewnienie dost\u0119pno\u015bci cyfrowej strony internetowej, aplikacji mobilnej lub elementu strony internetowej, lub aplikacji mobilnej Muzeum Niepodleg\u0142o\u015bci w Warszawie nie mo\u017ce nast\u0105pi\u0107 w ww. terminie, Muzeum Niepodleg\u0142o\u015bci w Warszawie niezw\u0142ocznie powiadamia osob\u0119 wyst\u0119puj\u0105c\u0105 z \u017c\u0105daniem o przyczynach op\u00f3\u017anienia oraz terminie, w kt\u00f3rym zapewni dost\u0119pno\u015b\u0107 cyfrow\u0105 wskazanej strony internetowej, aplikacji mobilnej lub elementu strony internetowej, lub aplikacji mobilnej, jednak nie d\u0142u\u017cszym ni\u017c dwa miesi\u0105ce od dnia wyst\u0105pienia z \u017c\u0105daniem. Je\u017cJe\u017celi zapewnienie dost\u0119pno\u015bci nie jest mo\u017cliwe, Muzeum Niepodleg\u0142o\u015bci w Warszawie niezw\u0142ocznie powiadamia on osob\u0119 wyst\u0119puj\u0105c\u0105 z \u017c\u0105daniem o przyczynach braku mo\u017cliwo\u015bci zapewnienia dost\u0119pno\u015bci cyfrowej wskazanego elementu i wskazuje alternatywny spos\u00f3b dost\u0119pu do tego elementu . W przypadku, gdy Muzeum Niepodleg\u0142o\u015bci w Warszawie odm\u00f3wi realizacji \u017c\u0105dania zapewnienia dost\u0119pno\u015bci lub alternatywnego dost\u0119pu do informacji, mo\u017cna z\u0142o\u017cy\u0107 do Muzeum Niepodleg\u0142o\u015bci w Warszawie w zwi\u0105zku z tym stosown\u0105 skarg\u0119 na takie dzia\u0142anie. Po wyczerpaniu wszystkich mo\u017cliwo\u015bci skarg\u0119 mo\u017cna przes\u0142a\u0107 tak\u017ce do Rzecznika Praw Obywatelskich.<\/p>\n<p>Link do strony internetowej Rzecznika Praw Obywatelskich:<\/p>\n<p>https:\/\/bip.brpo.gov.pl\/pl<\/p>\n<p>\u200b<\/p>\n<p><strong>Dost\u0119pno\u015b\u0107 architektoniczna<\/strong><br \/>\n<strong><strong>Gmach G\u0142\u00f3wny Muzeum Niepodleg\u0142o\u015bci w Warszawie<\/strong><br \/>\n<strong>adres: Al. Solidarno\u015bci 62, 00-240 Warszawa<\/strong><\/strong><\/p>\n<p>Muzeum jest ulokowane w budynku przy al. Solidarno\u015bci 62. Wej\u015bcie znajduje si\u0119 od strony Skweru Robinson\u00f3w Warszawskich, od strony przystank\u00f3w tramwajowych i zej\u015bcia do metra. Dojazd mo\u017cliwy publicznymi \u015brodkami komunikacji publicznej. Najwygodniej dotrze\u0107 tramwajem linii 4, 13, 20, 23, 26, 33, 71 lub autobusem 160, 190, wysi\u0105\u015b\u0107 na przystanku Metro Ratusz Arsena\u0142 09 lub Metro Ratusz Arsena\u0142 10. Kierowa\u0107 si\u0119 ku zielonemu skwerowi mi\u0119dzy torami tramwajowymi, min\u0105\u0107 przej\u015bcie dla pieszych i i\u015b\u0107 ku bia\u0142emu pa\u0142acowi widocznemu pomi\u0119dzy drzewami \u2013 to Muzeum Niepodleg\u0142o\u015bci. Nale\u017cy przej\u015b\u0107 przez w\u0105ski pas jezdni, aby znale\u017a\u0107 si\u0119 przed wej\u015bciem.<br \/>\nIstnieje r\u00f3wnie\u017c mo\u017cliwo\u015b\u0107 dotarcia do Muzeum z przystank\u00f3w tramwajowych Metro Ratusz Arsena\u0142 03 i Metro Ratusz Arsena\u0142 04 liniami 15, 16, 18. Z tych miejsc najlepiej namierzy\u0107 niski budynek KFC i min\u0105\u0107 go, pod\u0105\u017caj\u0105c wzd\u0142u\u017c Al. Solidarno\u015bci. Po prawej stronie b\u0119dzie przej\u015bcie dla pieszych z sygnalizacj\u0105 \u015bwietln\u0105, przej\u015b\u0107 przez nie, skr\u0119ci\u0107 w lewo i min\u0105\u0107 w\u0105ski pas jezdni, aby znale\u017a\u0107 si\u0119 pod budynkiem Muzeum.<br \/>\nZ przystanku Pl. Bankowy 02 i Pl. Bankowy 03 mo\u017cna dotrze\u0107 lini\u0105 107, 111, 518, J, W. W obu przypadkach nale\u017cy skierowa\u0107 si\u0119 do przej\u015bcia podziemnego prowadz\u0105cego do metra, aby dotrze\u0107 do przystank\u00f3w tramwajowych (kierunek: Wola lub Praga). Po wyj\u015bciu z przej\u015bcia podziemnego uda\u0107 si\u0119 ku zielonemu skwerowi mi\u0119dzy torami tramwajowymi, min\u0105\u0107 przej\u015bcie dla pieszych i i\u015b\u0107 ku bia\u0142emu pa\u0142acowi widocznemu mi\u0119dzy drzewami \u2013 to Muzeum Niepodleg\u0142o\u015bci. Nale\u017cy przej\u015b\u0107 przez w\u0105ski pas jezdni, aby znale\u017a\u0107 si\u0119 przed wej\u015bciem.<br \/>\nAby dotrze\u0107 metrem lini\u0105 M1, nale\u017cy wysi\u0105\u015b\u0107 na stacji \u201eRatusz Arsena\u0142\u201d i kierowa\u0107 si\u0119 ku przystankom tramwajowym (kierunek: Wola lub Praga). Po wyj\u015bciu z przej\u015bcia podziemnego kierowa\u0107 si\u0119 ku zielonemu skwerowi mi\u0119dzy torami tramwajowymi, min\u0105\u0107 przej\u015bcie dla pieszych i i\u015b\u0107 ku bia\u0142emu pa\u0142acowi widocznemu mi\u0119dzy drzewami \u2013 to Muzeum Niepodleg\u0142o\u015bci. Nale\u017cy przej\u015b\u0107 przez w\u0105ski pas jezdni, aby znale\u017a\u0107 si\u0119 przed wej\u015bciem.<br \/>\nMo\u017cna r\u00f3wnie\u017c dotrze\u0107 samochodem. Przed wej\u015bciem s\u0105 p\u0142atne og\u00f3lnodost\u0119pne 4 miejsca parkingowe. Brak wydzielonych miejsc dla os\u00f3b z niepe\u0142nosprawno\u015bciami.<br \/>\nDo wej\u015bcia do budynku prowadzi stopie\u0144 chodnikowy, a nast\u0119pnie pochylnia chodnikowa o \u0142agodnym nachyleniu. Niekt\u00f3re osoby mog\u0105 potrzebowa\u0107 pomocy asystenta.<br \/>\nNa parterze, na lewo od wej\u015bcia, znajduje si\u0119 recepcja, gdzie siedzi przeszkolony pracownik odpowiedzialny za witanie go\u015bci oraz udzielanie informacji. Aby dosta\u0107 si\u0119 do ksi\u0119garni, w kt\u00f3rej mo\u017cna kupi\u0107 wydawnictwa i bilety wst\u0119pu, a tak\u017ce do windy, nale\u017cy min\u0105\u0107 trzy schodki o \u0142\u0105cznej wysoko\u015bci 14 cm, oznaczone kontrastowymi pasami. Schodki w razie potrzeby mo\u017cna pokona\u0107 przy pomocy schodo\u0142azu lub platformy wjazdowej obs\u0142ugiwanych przez pracownik\u00f3w muzeum.<br \/>\nSzklane drzwi prowadz\u0105ce do ksi\u0119garni s\u0105 w kolorze mlecznobia\u0142ym, nieoznaczone ta\u015bm\u0105.<br \/>\nW budynku przestrzenie komunikacyjne s\u0105 szerokie. Komunikacj\u0119 pomi\u0119dzy pi\u0119trami zapewniaj\u0105 winda\/schody. Schody na klatkach schodowych s\u0105 wyposa\u017cone w stopnice z frezami ostrzegawczymi oraz por\u0119cze. W windzie przyciski s\u0105 oznaczone alfabetem brajla, pojawiaj\u0105 si\u0119 tak\u017ce komunikaty g\u0142osowe.<br \/>\nToaleta dla os\u00f3b z niepe\u0142nosprawno\u015bciami znajduje si\u0119 na parterze.<br \/>\nNa terenie wystawy opiekunowie ekspozycji s\u0142u\u017c\u0105 pomoc\u0105 zwiedzaj\u0105cym.<br \/>\nDo budynku i wszystkich jego pomieszcze\u0144 mo\u017cna wej\u015b\u0107 z psem przewodnikiem.<br \/>\nMiejsca wymagaj\u0105ce interakcji lub zakazu dotykania s\u0105 oznaczone piktogramami.<br \/>\nNie zapewniamy us\u0142ugi wideot\u0142umaczenia na j\u0119zyk migowy.<br \/>\nBrak tyflografik czy tyflomap oraz d\u017awi\u0119kowego systemu nawigacji d\u017awi\u0119kowej. Na wystawie \u201eZ Or\u0142em Bia\u0142ym przez wieki\u201d znajduj\u0105 si\u0119 obiekty dotykowe.<br \/>\nNa ka\u017cdej kondygnacji budynku znajduje si\u0119 instrukcja bezpiecze\u0144stwa po\u017carowego z zaznaczonymi drogami ewakuacji.<\/p>\n<p><strong>Dost\u0119pno\u015b\u0107 architektoniczna<\/strong><br \/>\n<strong>Muzeum X Pawilonu Cytadeli Warszawskiej<\/strong><br \/>\n<strong>(Oddzia\u0142u Muzeum Niepodleg\u0142o\u015bci w Warszawie)<\/strong><br \/>\n<strong>adres: ul. Skaza\u0144c\u00f3w 25, 01-532 Warszawa<\/strong><\/p>\n<p>Wej\u015bcie do Muzeum X Pawilonu Cytadeli Warszawskiej znajduje si\u0119 od Wis\u0142ostrady po schodach przez furtk\u0119 w Bramie Strace\u0144 lub od ul. Czujnej przez Bram\u0119 Biela\u0144sk\u0105.  Dojazd publicznymi \u015brodkami komunikacji \u2013 linia autobusowa 185, przystanek na \u017c\u0105danie: \u201eCytadela\u201d przy schodach prowadz\u0105cych do Bramy Strace\u0144. Szczeg\u00f3\u0142owy opis drogi doj\u015bcia do budynku: z Bramy Strace\u0144 nale\u017cy kierowa\u0107 si\u0119 chodnikiem wzd\u0142u\u017c drogi strace\u0144 \u2013 ul. Skaza\u0144c\u00f3w, potem skr\u0119t w lewo w ul. Trojaka i wej\u015bcie na wewn\u0119trzny dziedziniec, prowadz\u0105cy do wej\u015bcia muzealnego.<br \/>\nPrzed wej\u015bciem do budynku nie s\u0105 wydzielone miejsca parkingowe dla os\u00f3b z niepe\u0142nosprawno\u015bciami, parkowanie wszystkich samochod\u00f3w wed\u0142ug dost\u0119pno\u015bci miejsc. Najbli\u017csze oznakowane miejsca parkingowe dla os\u00f3b z niepe\u0142nosprawno\u015bciami znajduj\u0105 si\u0119 na parkingu podziemnym administrowanym przez Muzeum Wojska Polskiego.  Miejsca parkingowe znajduj\u0105 si\u0119 tak\u017ce przy Muzeum Historii Polski znajduj\u0105cym si\u0119 na terenie Cytadeli.<br \/>\nPrzed budynkiem Muzeum X Pawilonu Cytadeli Warszawskiej znajduje si\u0119 chodnik, kt\u00f3ry prowadzi do drzwi wej\u015bciowych muzeum. Niekt\u00f3re osoby mog\u0105 potrzebowa\u0107 pomocy asystenta, aby dosta\u0107 si\u0119 na chodnik z poziomu ulicy.<br \/>\nW budynku przestrzenie komunikacyjne s\u0105 w\u0105skie. Komunikacj\u0119 pomi\u0119dzy pi\u0119trami zapewniaj\u0105 winda lub schody. Osoby poruszaj\u0105ce si\u0119 na w\u00f3zku mog\u0105 wjecha\u0107 na jego wszystkie kondygnacje w tym wind\u0105 na I pi\u0119tro. Winda nie jest wyposa\u017cona w komunikaty g\u0142osowe, ani w przyciski oznaczone alfabetem brajla. Schody s\u0105 wyposa\u017cone w por\u0119cze. Jedynym pomieszczeniem niedost\u0119pnym dla os\u00f3b poruszaj\u0105cych si\u0119 na w\u00f3zkach jest karcer  znajduj\u0105cy si\u0119  na parterze.<br \/>\n Toalety dla os\u00f3b z niepe\u0142nosprawno\u015bciami znajduj\u0105 si\u0119 na parterze przy kiosku muzealnym oraz na ko\u0144cu dolnego odcinaka ekspozycji sta\u0142ej, za ku\u017ani\u0105.<br \/>\nNa odcinkach ekspozycji sta\u0142ej pracuj\u0105 osoby (pomoce muzealne), przeszkolone do wspierania zwiedzaj\u0105cych.<br \/>\nObok kiosku muzealnego znajduje si\u0119 plan  budynku.<br \/>\nDo budynku i wszystkich jego pomieszcze\u0144 mo\u017cna wej\u015b\u0107 z psem przewodnikiem. Nie zapewniamy us\u0142ugi wideot\u0142umaczenia na j\u0119zyk migowy. Na ekspozycji sta\u0142ej dost\u0119pne s\u0105 podpisy w j\u0119zyku Braille\u2019a. W Muzeum nie ma tyflomap i nie jest stosowany d\u017awi\u0119kowy system nawigacji dla os\u00f3b niewidomych. Pomieszczenia w Muzeum nie s\u0105 oznaczone tabliczkami z wypuk\u0142ymi cyframi i alfabetem brajla.<br \/>\nUWAGA: do 30 czerwca 2025 r. z uwagi na prezydencj\u0119 Polski w Radzie UE wjazd i parkowanie samochod\u00f3w utrudnione, a w niekt\u00f3rych dniach w og\u00f3le niemo\u017cliwe. <\/p>\n<p><strong><strong>Dost\u0119pno\u015b\u0107 architektoniczna<\/strong><br \/>\n<strong>Muzeum Wi\u0119zienia Pawiak<\/strong><br \/>\n<strong>(Oddzia\u0142 Muzeum Niepodleg\u0142o\u015bci w Warszawie)<\/strong><br \/>\n<strong>adres: ul. Dzielna 24\/26, 00-162 Warszawa<\/strong><\/strong><\/p>\n<p>Wej\u015bcie do muzeum znajduje si\u0119 od ulicy Dzielnej. Przed wej\u015bciem brak miejsc parkingowych dla os\u00f3b z niepe\u0142nosprawno\u015bciami.<br \/>\nDo wej\u015bcia do budynku prowadz\u0105 schody (9 schodk\u00f3w) w d\u00f3\u0142, kt\u00f3re osoby z niepe\u0142nosprawno\u015bciami mog\u0105 pokona\u0107 za pomoc\u0105 specjalnej platformy znajduj\u0105cej si\u0119 przy wej\u015bciu bocznym z prawej strony od wej\u015bcia g\u0142\u00f3wnego. Platforma nie posiada komunikat\u00f3w g\u0142osowych i oznacze\u0144 w j\u0119zyku brajla. Schody s\u0105 wyposa\u017cone w por\u0119cze i pasy antypo\u015blizgowe. Niekt\u00f3re osoby mog\u0105 potrzebowa\u0107 pomocy asystenta.<br \/>\nDojazd publicznymi \u015brodkami komunikacji \u2013 komunikacja autobusowa \u2013 przystanek \u201eAnielewicza\u201d (ok. 5 minut pieszo od Muzeum), linie 111 i 180. Komunikacja tramwajowa, przystanki Nowolipki (ok. 10 minut pieszo od Muzeum), linie: 17 i 33.<br \/>\nWn\u0119trze budynku jest ciasne, pozbawione \u015bwiat\u0142a dziennego (brak okien). Do najwi\u0119kszej z sal ekspozycyjnych muzeum prowadzi 5 schod\u00f3w w d\u00f3\u0142 (brak schodo\u0142azu). Schody s\u0105 wyposa\u017cone w por\u0119cze. Stopnie schod\u00f3w s\u0105 oznaczone kontrastowymi pasami. Na ekspozycji s\u0105 osoby, kt\u00f3rzy s\u0142u\u017c\u0105 pomoc\u0105 zwiedzaj\u0105cym.<br \/>\nW muzeum znajduje si\u0119 toaleta dla zwiedzaj\u0105cych, ale nie jest przystosowana dla os\u00f3b z niepe\u0142nosprawno\u015bciami.<br \/>\nDo budynku i wszystkich jego pomieszcze\u0144 mo\u017cna wej\u015b\u0107 z psem przewodnikiem. Nie zapewniamy us\u0142ugi wideot\u0142umaczenia na j\u0119zyk migowy. Muzeum posiada audioprzewodniki, w tym dla os\u00f3b z dysfunkcj\u0105 wzroku oraz p\u0119tle indukcyjne (5 szt.). W Muzeum nie ma tyflomap i nie jest stosowany d\u017awi\u0119kowy system nawigacji dla os\u00f3b niewidomych. Pomieszczenia w Muzeum nie s\u0105 oznaczone tabliczkami z wypuk\u0142ymi cyframi i alfabetem brajla.<br \/>\nZ uwagi na charakter miejsca, w Muzeum istnieje \u2013 jest to bardzo istotne &#8211; ograniczenie wiekowe \u2013 Mauzoleum jest udost\u0119pnione dla m\u0142odzie\u017cy powy\u017cej 14 roku \u017cycia. Osoby m\u0142odsze w przypadku zwiedzaj\u0105cych indywidualnych mog\u0105 wej\u015b\u0107 pod opiek\u0105 i na odpowiedzialno\u015b\u0107 opiekun\u00f3w, a grupy szkolne z nauczycielami.<\/p>\n<p><strong>Dost\u0119pno\u015b\u0107 architektoniczna<\/strong><br \/>\n<strong>Mauzoleum Walki i M\u0119cze\u0144stwa w Al. Szucha <\/strong><br \/>\n<strong>(Filia Muzeum Wi\u0119zienia Pawiak \u2013 Oddzia\u0142u Muzeum Niepodleg\u0142o\u015bci w Warszawie)<\/strong><br \/>\n<strong>adres: Al. Szucha 25, 00-580 Warszawa<\/strong><\/p>\n<p>Wej\u015bcie do Mauzoleum Walki i M\u0119cze\u0144stwa znajduje si\u0119 od Al. Szucha. Mauzoleum funkcjonuje w przyziemiu budynku Ministerstwa Edukacji i Nauki. Przed budynkiem nie ma og\u00f3lnodost\u0119pnych miejsc parkingowych. Do wej\u015bcia na ekspozycj\u0119, wewn\u0105trz Mauzoleum, prowadzi 9 schod\u00f3w w d\u00f3\u0142 \u2013 brak pochylni lub windy dla os\u00f3b na w\u00f3zkach. Schody s\u0105 oznaczone odblaskowymi naklejkami oraz ta\u015bmami antypo\u015blizgowymi. Schody nie maj\u0105 por\u0119czy. Dojazd publicznymi \u015brodkami komunikacji \u2013 Metro stacja \u201ePolitechnika\u201d i pieszo w kierunku Pl. Na Rozdro\u017cu \u2013 ok. 10-15 min. Komunikacja autobusowa \u2013 przystanek \u201ePlac Na Rozdro\u017cu\u201d (ok. 5 minut pieszo od Mauzoleum), linie 116, 138, 143, 151, 166, 180, 182, 187, 188, 411, 502, 503, 514, 520, 523, 525, E-2. Komunikacja tramwajowa, przystanki Pl. Zbawiciela w kierunku Centrum oraz Trasa \u0141azienkowska w kierunku Mokotowa (ok. 10 minut pieszo od Mauzoleum), linie: 4, 10, 11, 14, 16, 18. Osoba na w\u00f3zku inwalidzkim mo\u017ce dosta\u0107 si\u0119 do Mauzoleum przy pomocy pracownik\u00f3w Mauzoleum, kt\u00f3rzy s\u0142u\u017c\u0105 pomoc\u0105 przy znoszeniu i wnoszeniu w\u00f3zka.<br \/>\nWarunki poruszania si\u0119 wewn\u0105trz Mauzoleum wi\u0105\u017c\u0105 si\u0119 z autentyczno\u015bci\u0105 miejsca \u2013 dwa korytarze \u2013 jeden prowadz\u0105cy do cel zbiorowych \u2013 szeroki; drugi przy celach pojedynczych w\u0105ski (umo\u017cliwia przejazd w\u00f3zkiem inwalidzkim bez mo\u017cliwo\u015bci ewentualnego zawracania). Ca\u0142a ekspozycja znajduje si\u0119 na jednym poziomie.<br \/>\nW Mauzoleum nie ma og\u00f3lnodost\u0119pnej toalety, w tym toalety dla os\u00f3b z niepe\u0142nosprawno\u015bciami. Jest jedynie dla pracownik\u00f3w.<br \/>\nIstnieje mo\u017cliwo\u015b\u0107 wprowadzenia psa-przewodnika. Nie ma t\u0142umacza j\u0119zyka migowego. W Mauzoleum nie ma tyflomap i nie jest stosowany d\u017awi\u0119kowy system nawigacji dla os\u00f3b niewidomych. Pomieszczenia w Mauzoleum nie s\u0105 oznaczone tabliczkami z wypuk\u0142ymi cyframi i alfabetem brajla.<br \/>\nZ uwagi na charakter miejsca, w Mauzoleum istnieje \u2013 jest to bardzo istotne &#8211; ograniczenie wiekowe \u2013 Mauzoleum jest udost\u0119pnione dla m\u0142odzie\u017cy powy\u017cej 14 roku \u017cycia. Osoby m\u0142odsze w przypadku zwiedzaj\u0105cych indywidualnych mog\u0105 wej\u015b\u0107 pod opiek\u0105 i na odpowiedzialno\u015b\u0107 opiekun\u00f3w, a grupy szkolne z nauczycielami.<\/p>\n<p><strong>Dost\u0119pno\u015b\u0107 architektoniczna<\/strong><br \/>\n<strong>Muzeum Bitwy Warszawskiej 1920 roku w Radzyminie \u2013 Oddzia\u0142 Muzeum Niepodleg\u0142o\u015bci w Warszawie.<\/strong><br \/>\n<strong>Adres: Al. Jana Paw\u0142a II 64, 05-250 Radzymin<\/strong><\/p>\n<p>Wej\u015bcie do Muzeum Bitwy Warszawskiej 1920 r. w Radzyminie znajduje si\u0119 od strony s\u0105siaduj\u0105cego z dzia\u0142k\u0105 zak\u0142adu kamieniarskiego. Do drzwi wej\u015bciowych prowadzi wybrukowane pod\u0142o\u017ce. Do furty znajduj\u0105cej si\u0119 przy Al. Jana Paw\u0142a II prowadzi \u015bcie\u017cka dla pieszych z p\u0142yt chodnikowych.<br \/>\nMuzeum znajduje si\u0119 w bliskiej odleg\u0142o\u015bci od przystanku \u201eCmentarz Poleg\u0142ych 1920 roku\u201d i mo\u017cna do niego dojecha\u0107:<br \/>\n1.\tLini\u0105 autobusow\u0105 738 Warszawskiego Transportu Publicznego (Metro Trocka \u2013 P+R Radzymin), przystanek na \u017c\u0105danie \u201eCmentarz Poleg\u0142ych\u201d;<br \/>\n2.\tLini\u0105 autobusow\u0105 R7 Komunikacji Gminnej \u201eR\u201d;<br \/>\n3.\tAutobusami prywatnych przewo\u017anik\u00f3w kursuj\u0105cych na trasie Dw. Wile\u0144ski- Radzymin.<br \/>\nNa terenie Muzeum nie ma wydzielonych miejsc parkingowych. Odwiedzaj\u0105cy mog\u0105 skorzysta\u0107 z og\u00f3lnodost\u0119pnego parkingu pod Cmentarzem Poleg\u0142ych 1920 roku (naprzeciwko Muzeum). Parking nie posiada wydzielonych miejsc dla os\u00f3b z niepe\u0142nosprawno\u015bciami. Parkowanie wszystkich samochod\u00f3w odbywa si\u0119 wed\u0142ug dost\u0119pno\u015bci miejsc.<br \/>\nW budynku przestrzenie komunikacyjne s\u0105 dost\u0119pne dla os\u00f3b poruszaj\u0105cych si\u0119 w\u00f3zkiem inwalidzkim. Ekspozycja znajduje si\u0119 na dw\u00f3ch poziomach \u2013 sala wystawowa g\u0142\u00f3wna na parterze oraz Dom Pielgrzyma, do kt\u00f3rego prowadz\u0105 4 stopnie schodowe, dost\u0119pne dla os\u00f3b niepe\u0142nosprawnych za pomoc\u0105 transportera schodowego (schodo\u0142azu g\u0105sienicowego). Schody te s\u0105 wyposa\u017cone w por\u0119cze. Stopnie nie s\u0105 oznaczone kontrastowymi pasami. Brak oznakowania kontrastow\u0105 ta\u015bm\u0105 szklanych drzwi i \u015bcian.<br \/>\nToalety dla os\u00f3b z niepe\u0142nosprawno\u015bciami znajduj\u0105 si\u0119 na parterze przy sali edukacyjnej.<br \/>\nDo budynku oraz wszystkich jego pomieszcze\u0144 mo\u017cna wej\u015b\u0107 z psem przewodnikiem. Nie zapewniamy us\u0142ugi wideot\u0142umacza na j\u0119zyk migowy. Muzeum nie posiada tyflomapy uk\u0142adu przestrzennego wystawy dla os\u00f3b niewidomych lub s\u0142abowidz\u0105cych.<br \/>\nOtwarcie wystawy sta\u0142ej Muzeum Bitwy Warszawskiej 1920 roku nast\u0105pi w sierpniu 2025 roku. W zwi\u0105zku z tym oddzia\u0142 przewiduje r\u00f3wnie\u017c inne rozwi\u0105zania zwi\u0119kszaj\u0105ce dost\u0119pno\u015b\u0107, kt\u00f3re b\u0119d\u0105 zrealizowane do czasu uroczystego otwarcia. S\u0105 to m.in. audioprzewodniki z funkcj\u0105 audiodeskrypcji, podpisy pomieszcze\u0144 w j\u0119zyku Braille\u2019a, grafiki pod\u0142ogowe u\u0142atwiaj\u0105ce poruszanie si\u0119 po wystawie, a tak\u017ce zatrudnienie pracownik\u00f3w dbaj\u0105cych o ekspozycj\u0119, kt\u00f3re b\u0119d\u0105 przeszkolone do wspierania odwiedzaj\u0105cych.<\/p>\n<p><\/p>","protected":false},"excerpt":{"rendered":"<p>Deklaracja dost\u0119pno\u015bci strony internetowej Muzeum Niepodleg\u0142o\u015bci w Warszawie Muzeum Niepodleg\u0142o\u015bci w Warszawie zobowi\u0105zuje si\u0119 zapewni\u0107 dost\u0119pno\u015b\u0107 strony internetowej www.muzeum-niepodleglosci.pl i www.muzn.pl zgodnie z przepisami ustawy z dnia 4 kwietnia 2019 r. o dost\u0119pno\u015bci cyfrowej stron internetowych i aplikacji mobilnych podmiot\u00f3w publicznych. Data publikacji strony internetowej: 11.07\/2023 r. Data ostatniej du\u017cej aktualizacji: 11.07.2023 r. Strona internetowa [&hellip;]<\/p>\n","protected":false},"author":12,"featured_media":0,"parent":0,"menu_order":0,"comment_status":"closed","ping_status":"closed","template":"page_policies.php","meta":{"_acf_changed":false,"footnotes":""},"class_list":["post-184","page","type-page","status-publish","hentry"],"acf":[],"_links":{"self":[{"href":"https:\/\/www.muzn.pl\/pl\/wp-json\/wp\/v2\/pages\/184","targetHints":{"allow":["GET"]}}],"collection":[{"href":"https:\/\/www.muzn.pl\/pl\/wp-json\/wp\/v2\/pages"}],"about":[{"href":"https:\/\/www.muzn.pl\/pl\/wp-json\/wp\/v2\/types\/page"}],"author":[{"embeddable":true,"href":"https:\/\/www.muzn.pl\/pl\/wp-json\/wp\/v2\/users\/12"}],"replies":[{"embeddable":true,"href":"https:\/\/www.muzn.pl\/pl\/wp-json\/wp\/v2\/comments?post=184"}],"version-history":[{"count":20,"href":"https:\/\/www.muzn.pl\/pl\/wp-json\/wp\/v2\/pages\/184\/revisions"}],"predecessor-version":[{"id":14330,"href":"https:\/\/www.muzn.pl\/pl\/wp-json\/wp\/v2\/pages\/184\/revisions\/14330"}],"wp:attachment":[{"href":"https:\/\/www.muzn.pl\/pl\/wp-json\/wp\/v2\/media?parent=184"}],"curies":[{"name":"wp","href":"https:\/\/api.w.org\/{rel}","templated":true}]}}