{"id":2478,"date":"2022-12-14T13:49:09","date_gmt":"2022-12-14T13:49:09","guid":{"rendered":"https:\/\/muzeum-niepodleglosci.eu\/?page_id=2478"},"modified":"2022-12-15T11:16:32","modified_gmt":"2022-12-15T11:16:32","slug":"press-pack","status":"publish","type":"page","link":"https:\/\/www.muzn.pl\/pl\/press-pack\/","title":{"rendered":"Informacje prasowe"},"content":{"rendered":"<p><b>Muzeum Niepodleg\u0142o\u015bci<\/b> to wiod\u0105ca instytucja w Polsce zajmuj\u0105ca si\u0119 tematem polskich dr\u00f3g do Niepodleg\u0142o\u015bci. W g\u0142\u00f3wnej siedzibie &#8211; Pa\u0142acu Przebendowskich Radziwi\u0142\u0142\u00f3w mo\u017cna zwiedza\u0107 4 wystawy sta\u0142e oraz zmieniaj\u0105ce si\u0119 ekspozycje czasowe. Muzeum Niepodleg\u0142o\u015bci to r\u00f3wnie\u017c wydawnictwo a  zakupu publikacji mo\u017cna doonywa\u0107 w ksi\u0119garni stacjonarnej oraz internetowej. Muzeum Niepodleg\u0142o\u015bci wydaje dwa czasopisma b\u0119d\u0105ce liderami w swojej dziedzinie: Kwartalnik Kresowy oraz Niepodleg\u0142o\u015b\u0107 i Pami\u0119\u0107. Oddzia\u0142ami Muzeum Niepodleg\u0142o\u015bci s\u0105 s\u0142ynne miejsca martyrologii polskiej: Muzeum Wi\u0119zienia Pawiak z Mauzoleum Walki i M\u0119cze\u0144stwa oraz Muzeum X Pawilonu Cytadeli Warszawskiej, kt\u00f3re stanowi centrum obchod\u00f3w Powstania Listopadowego oraz Styczniowego.<\/p>","protected":false},"excerpt":{"rendered":"<p>Muzeum Niepodleg\u0142o\u015bci to wiod\u0105ca instytucja w Polsce zajmuj\u0105ca si\u0119 tematem polskich dr\u00f3g do Niepodleg\u0142o\u015bci. W g\u0142\u00f3wnej siedzibie &#8211; Pa\u0142acu Przebendowskich Radziwi\u0142\u0142\u00f3w mo\u017cna zwiedza\u0107 4 wystawy sta\u0142e oraz zmieniaj\u0105ce si\u0119 ekspozycje czasowe. Muzeum Niepodleg\u0142o\u015bci to r\u00f3wnie\u017c wydawnictwo a zakupu publikacji mo\u017cna doonywa\u0107 w ksi\u0119garni stacjonarnej oraz internetowej. Muzeum Niepodleg\u0142o\u015bci wydaje dwa czasopisma b\u0119d\u0105ce liderami w swojej [&hellip;]<\/p>\n","protected":false},"author":12,"featured_media":0,"parent":0,"menu_order":0,"comment_status":"closed","ping_status":"closed","template":"page_media.php","meta":{"_acf_changed":false,"footnotes":""},"class_list":["post-2478","page","type-page","status-publish","hentry"],"acf":[],"_links":{"self":[{"href":"https:\/\/www.muzn.pl\/pl\/wp-json\/wp\/v2\/pages\/2478","targetHints":{"allow":["GET"]}}],"collection":[{"href":"https:\/\/www.muzn.pl\/pl\/wp-json\/wp\/v2\/pages"}],"about":[{"href":"https:\/\/www.muzn.pl\/pl\/wp-json\/wp\/v2\/types\/page"}],"author":[{"embeddable":true,"href":"https:\/\/www.muzn.pl\/pl\/wp-json\/wp\/v2\/users\/12"}],"replies":[{"embeddable":true,"href":"https:\/\/www.muzn.pl\/pl\/wp-json\/wp\/v2\/comments?post=2478"}],"version-history":[{"count":3,"href":"https:\/\/www.muzn.pl\/pl\/wp-json\/wp\/v2\/pages\/2478\/revisions"}],"predecessor-version":[{"id":2691,"href":"https:\/\/www.muzn.pl\/pl\/wp-json\/wp\/v2\/pages\/2478\/revisions\/2691"}],"wp:attachment":[{"href":"https:\/\/www.muzn.pl\/pl\/wp-json\/wp\/v2\/media?parent=2478"}],"curies":[{"name":"wp","href":"https:\/\/api.w.org\/{rel}","templated":true}]}}