{"id":3403,"date":"2023-07-01T13:45:26","date_gmt":"2023-07-01T13:45:26","guid":{"rendered":"https:\/\/muzeum-niepodleglosci.eu\/?page_id=3403"},"modified":"2023-07-05T15:01:44","modified_gmt":"2023-07-05T15:01:44","slug":"cookie-policy","status":"publish","type":"page","link":"https:\/\/www.muzn.pl\/pl\/cookie-policy\/","title":{"rendered":"Polityka Cookies"},"content":{"rendered":"<p><\/p>\n<p>Pliki\u00a0cookies<\/p>\n<ol>\n<li>Serwis zbiera w spos\u00f3b automatyczny tylko informacje zawarte w plikach\u00a0cookies.<\/li>\n<li>Korzystaj\u0105c z Serwisu wyra\u017casz zgod\u0119 na ich u\u017cywanie.<\/li>\n<li>Pliki (cookies) s\u0105 plikami tekstowymi, kt\u00f3re przechowywane s\u0105 w urz\u0105dzeniu ko\u0144cowym u\u017cytkownika serwisu. Przeznaczone s\u0105 do korzystania ze stron serwisu. Przede wszystkim zawieraj\u0105 nazw\u0119 strony internetowej swojego pochodzenia, sw\u00f3j unikalny numer, czas przechowywania na urz\u0105dzeniu ko\u0144cowym.<\/li>\n<li>Pliki\u00a0cookies s\u0142u\u017c\u0105 do prawid\u0142owego funkcjonowania Serwisu. Podczas ponownej wizyty U\u017cytkownika umo\u017cliwiaj\u0105 rozpoznanie urz\u0105dzenia oraz dostosowanie Serwisu do indywidualnych preferencji U\u017cytkownika. Pliki\u00a0cookies umo\u017cliwiaj\u0105 tak\u017ce przygotowania statystyk odwiedzin Serwisu.<\/li>\n<li>Podmiotem zamieszczaj\u0105cym na urz\u0105dzeniu ko\u0144cowym U\u017cytkownika Serwisu pliki cookies oraz uzyskuj\u0105cym do nich dost\u0119p jest Muzeum Niepodleg\u0142o\u015bci w Warszawie.<\/li>\n<li>Mechanizm plik\u00f3w\u00a0cookies stosowany w Serwisie nie jest wykorzystywany do gromadzenia jakichkolwiek informacji o u\u017cytkownikach ani \u015bledzeniu ich nawigacji. Pliki\u00a0cookies nie przechowuj\u0105 jakichkolwiek danych osobowych u\u017cytkownik\u00f3w ani \u017cadnych informacji poufnych z urz\u0105dzenia u\u017cytkownika.<\/li>\n<li>Muzeum Niepodleg\u0142o\u015bci w Warszawie wykorzystuje pliki (cookies) w celu:<\/li>\n<\/ol>\n<ul>\n<li>dopasowania zawarto\u015bci strony internetowej do indywidualnych preferencji u\u017cytkownika, przede wszystkim pliki te rozpoznaj\u0105 jego urz\u0105dzenie, aby zgodnie z jego preferencjami wy\u015bwietli\u0107 stron\u0119;<\/li>\n<li>przygotowywania statystyk pomagaj\u0105cych poznaniu preferencji i\u00a0zachowa\u0144 u\u017cytkownik\u00f3w, analiza tych statystyk jest anonimowa i umo\u017cliwia dostosowanie zawarto\u015bci i wygl\u0105du serwisu do panuj\u0105cych trend\u00f3w, statystyki stosuje si\u0119 te\u017c do oceny popularno\u015bci strony;<\/li>\n<li>poprawy funkcjonalno\u015bci Serwisu;<\/li>\n<li>utrzymania logowania u\u017cytkownika na ka\u017cdej kolejnej stronie serwisu.<\/li>\n<\/ul>\n<ol start=\"8\">\n<li>Serwis stosuje dwa zasadnicze rodzaje plik\u00f3w (cookies) \u2013 sesyjne i sta\u0142e. Pliki sesyjne s\u0105 tymczasowe, przechowuje si\u0119 je do momentu opuszczenia strony serwisu (poprzez wej\u015bcie na inn\u0105 stron\u0119, wylogowanie lub wy\u0142\u0105czenie przegl\u0105darki). Pliki sta\u0142e przechowywane s\u0105 w urz\u0105dzeniu ko\u0144cowym u\u017cytkownika do czasu ich usuni\u0119cia przez u\u017cytkownika lub przez czas wynikaj\u0105cy z ich ustawie\u0144.<\/li>\n<li>U\u017cytkownik mo\u017ce w ka\u017cdej chwili dokona\u0107 zmiany ustawie\u0144 swojej przegl\u0105darki, aby zablokowa\u0107 obs\u0142ug\u0119 plik\u00f3w (cookies) lub ka\u017cdorazowo uzyskiwa\u0107 informacje o ich umieszczeniu w swoim urz\u0105dzeniu. Inne dost\u0119pne opcje mo\u017cna sprawdzi\u0107 w ustawieniach swojej przegl\u0105darki internetowej. Nale\u017cy pami\u0119ta\u0107, \u017ce wi\u0119kszo\u015b\u0107 przegl\u0105darek domy\u015blnie jest ustawione na akceptacj\u0119 zapisu plik\u00f3w (cookies) w urz\u0105dzeniu ko\u0144cowym.<\/li>\n<li>Operator Serwisu informuje, \u017ce zmiany ustawie\u0144 w przegl\u0105darce internetowej u\u017cytkownika mog\u0105 ograniczy\u0107 dost\u0119p do niekt\u00f3rych funkcji strony internetowej serwisu.<\/li>\n<li>Pliki (cookies) z kt\u00f3rych korzysta serwis (zamieszczane w urz\u0105dzeniu ko\u0144cowym u\u017cytkownika) mog\u0105 by\u0107 udost\u0119pnione jego partnerom oraz wsp\u00f3\u0142pracuj\u0105cym z nim reklamodawc\u0105.<\/li>\n<li>Informacje dotycz\u0105ce ustawie\u0144 przegl\u0105darek internetowych dost\u0119pne s\u0105 w jej menu (pomoc) lub na stronie jej producenta.<\/li>\n<\/ol>\n<p>&nbsp;<\/p>\n<p><\/p>","protected":false},"excerpt":{"rendered":"<p>Pliki\u00a0cookies Serwis zbiera w spos\u00f3b automatyczny tylko informacje zawarte w plikach\u00a0cookies. Korzystaj\u0105c z Serwisu wyra\u017casz zgod\u0119 na ich u\u017cywanie. Pliki (cookies) s\u0105 plikami tekstowymi, kt\u00f3re przechowywane s\u0105 w urz\u0105dzeniu ko\u0144cowym u\u017cytkownika serwisu. Przeznaczone s\u0105 do korzystania ze stron serwisu. Przede wszystkim zawieraj\u0105 nazw\u0119 strony internetowej swojego pochodzenia, sw\u00f3j unikalny numer, czas przechowywania na urz\u0105dzeniu ko\u0144cowym. [&hellip;]<\/p>\n","protected":false},"author":12,"featured_media":0,"parent":0,"menu_order":0,"comment_status":"closed","ping_status":"closed","template":"page_policies.php","meta":{"_acf_changed":false,"footnotes":""},"class_list":["post-3403","page","type-page","status-publish","hentry"],"acf":[],"_links":{"self":[{"href":"https:\/\/www.muzn.pl\/pl\/wp-json\/wp\/v2\/pages\/3403","targetHints":{"allow":["GET"]}}],"collection":[{"href":"https:\/\/www.muzn.pl\/pl\/wp-json\/wp\/v2\/pages"}],"about":[{"href":"https:\/\/www.muzn.pl\/pl\/wp-json\/wp\/v2\/types\/page"}],"author":[{"embeddable":true,"href":"https:\/\/www.muzn.pl\/pl\/wp-json\/wp\/v2\/users\/12"}],"replies":[{"embeddable":true,"href":"https:\/\/www.muzn.pl\/pl\/wp-json\/wp\/v2\/comments?post=3403"}],"version-history":[{"count":2,"href":"https:\/\/www.muzn.pl\/pl\/wp-json\/wp\/v2\/pages\/3403\/revisions"}],"predecessor-version":[{"id":3485,"href":"https:\/\/www.muzn.pl\/pl\/wp-json\/wp\/v2\/pages\/3403\/revisions\/3485"}],"wp:attachment":[{"href":"https:\/\/www.muzn.pl\/pl\/wp-json\/wp\/v2\/media?parent=3403"}],"curies":[{"name":"wp","href":"https:\/\/api.w.org\/{rel}","templated":true}]}}